{"id":214,"date":"2021-12-08T15:34:58","date_gmt":"2021-12-08T14:34:58","guid":{"rendered":"http:\/\/internal.euskal-telephone.com\/?page_id=214"},"modified":"2021-12-24T07:26:13","modified_gmt":"2021-12-24T06:26:13","slug":"autres-solutions","status":"publish","type":"page","link":"https:\/\/euskal-telephone.com\/index.php\/autres-solutions\/","title":{"rendered":"Autres solutions"},"content":{"rendered":"<div id='full_slider_1'  class='avia-fullwidth-slider main_color avia-shadow   avia-builder-el-0  el_before_av_textblock  avia-builder-el-first   container_wrap sidebar_right'  ><div  class='avia-slideshow av-tqbsu-6fe533e31d8c1b94a93d8bccdd8643e8 avia-slideshow-featured av_slideshow_full avia-slide-slider av-slideshow-ui av-control-default av-slideshow-autoplay av-loop-endless av-loop-manual-endless av-default-height-applied   avia-slideshow-1' data-slideshow-options=\"{&quot;animation&quot;:&quot;slide&quot;,&quot;autoplay&quot;:true,&quot;loop_autoplay&quot;:&quot;endless&quot;,&quot;interval&quot;:6,&quot;loop_manual&quot;:&quot;manual-endless&quot;,&quot;autoplay_stopper&quot;:false,&quot;noNavigation&quot;:false,&quot;bg_slider&quot;:false,&quot;keep_padding&quot;:false,&quot;hoverpause&quot;:false,&quot;show_slide_delay&quot;:0}\"  itemprop=\"image\" itemscope=\"itemscope\" itemtype=\"https:\/\/schema.org\/ImageObject\" ><ul class='avia-slideshow-inner ' style='padding-bottom: 28.666666666667%;'><li  class='avia-slideshow-slide av-tqbsu-6fe533e31d8c1b94a93d8bccdd8643e8__0  slide-1 slide-odd'><div data-rel='slideshow-1' class='avia-slide-wrap '   ><div class='av-slideshow-caption av-tqbsu-6fe533e31d8c1b94a93d8bccdd8643e8__0 caption_fullwidth caption_bottom'><div class=\"container caption_container\"><div class=\"slideshow_caption\"><div class=\"slideshow_inner_caption\"><div class=\"slideshow_align_caption\"><h2 class='avia-caption-title '  itemprop=\"name\" >SP\u00c9CIALISTE EN T\u00c9L\u00c9COMMUNICATIONS : T\u00e9l\u00e9phonie d\u2019entreprise, et r\u00e9seaux informatiques<\/h2><div class='avia-caption-content '  itemprop=\"description\" ><p>Sur le Pays Basque et les Landes.<\/p>\n<\/div><\/div><\/div><\/div><\/div><\/div><img decoding=\"async\" class=\"wp-image-25 avia-img-lazy-loading-not-25\"  src=\"https:\/\/euskal-telephone.com\/wp-content\/uploads\/2021\/12\/Slider-1-1500x430.jpeg\" width=\"1500\" height=\"430\" title='netzwerktechnik' alt=''  itemprop=\"thumbnailUrl\"   \/><\/div><\/li><li  class='avia-slideshow-slide av-tqbsu-6fe533e31d8c1b94a93d8bccdd8643e8__1  slide-2 slide-even'><div data-rel='slideshow-1' class='avia-slide-wrap '   ><div class='av-slideshow-caption av-tqbsu-6fe533e31d8c1b94a93d8bccdd8643e8__1 caption_fullwidth caption_bottom'><div class=\"container caption_container\"><div class=\"slideshow_caption\"><div class=\"slideshow_inner_caption\"><div class=\"slideshow_align_caption\"><h2 class='avia-caption-title '  itemprop=\"name\" >C\u00c2BLAGE R\u00c9SEAU ET BAIES INFORMATIQUES : fibre optique, ethernet, WIFI<\/h2><div class='avia-caption-content '  itemprop=\"description\" ><p>Euskal T\u00e9l\u00e9phone vous propose des prestations d&rsquo;installation r\u00e9seau soign\u00e9es et du mat\u00e9riel de qualit\u00e9 adapt\u00e9 \u00e0 vos besoins r\u00e9seau et t\u00e9l\u00e9phonie &#8230;<\/p>\n<\/div><\/div><\/div><\/div><\/div><\/div><img decoding=\"async\" class=\"wp-image-23 avia-img-lazy-loading-not-23\"  src=\"https:\/\/euskal-telephone.com\/wp-content\/uploads\/2021\/12\/Slider-2-1500x430.jpeg\" width=\"1500\" height=\"430\" title='UTP Cat5e Cable with patch panel' alt=''  itemprop=\"thumbnailUrl\"   \/><\/div><\/li><li  class='avia-slideshow-slide av-tqbsu-6fe533e31d8c1b94a93d8bccdd8643e8__2  slide-3 slide-odd'><div data-rel='slideshow-1' class='avia-slide-wrap '   ><div class='av-slideshow-caption av-tqbsu-6fe533e31d8c1b94a93d8bccdd8643e8__2 caption_fullwidth caption_bottom'><div class=\"container caption_container\"><div class=\"slideshow_caption\"><div class=\"slideshow_inner_caption\"><div class=\"slideshow_align_caption\"><h2 class='avia-caption-title '  itemprop=\"name\" >S\u00c9CURISER VOS LOCAUX : contr\u00f4le d\u2019acc\u00e8s, vid\u00e9o-surveillance, portiers et interphones\u2026<\/h2><div class='avia-caption-content '  itemprop=\"description\" ><p>Nous sommes partenaire certifi\u00e9 Hikvision, Castel, Amphitech, Aiphone&#8230;<\/p>\n<\/div><\/div><\/div><\/div><\/div><\/div><img decoding=\"async\" class=\"wp-image-24 avia-img-lazy-loading-not-24\"  src=\"https:\/\/euskal-telephone.com\/wp-content\/uploads\/2021\/12\/Slider-3-1500x430.jpg\" width=\"1500\" height=\"430\" title='Slider 3' alt=''  itemprop=\"thumbnailUrl\"   \/><\/div><\/li><\/ul><div class='avia-slideshow-arrows avia-slideshow-controls' ><a href='#prev' class='prev-slide ' aria-hidden='true' data-av_icon='\ue87c' data-av_iconfont='entypo-fontello'  tabindex='-1'>Pr\u00e9c\u00e9dent<\/a><a href='#next' class='next-slide ' aria-hidden='true' data-av_icon='\ue87d' data-av_iconfont='entypo-fontello'  tabindex='-1'>Suivant<\/a><\/div><div class='avia-slideshow-dots avia-slideshow-controls'><a href='#1' class='goto-slide active' >1<\/a><a href='#2' class='goto-slide ' >2<\/a><a href='#3' class='goto-slide ' >3<\/a><\/div><\/div><\/div><div id='after_full_slider_1'  class='main_color av_default_container_wrap container_wrap sidebar_right'  ><div class='container av-section-cont-open' ><div class='template-page content  av-content-small alpha units'><div class='post-entry post-entry-type-page post-entry-214'><div class='entry-content-wrapper clearfix'>\n<section  class='av_textblock_section av-kwxmvpvk-97a698da6ffbaabbe5cf6f6567a0f476'  itemscope=\"itemscope\" itemtype=\"https:\/\/schema.org\/CreativeWork\" ><div class='avia_textblock'  itemprop=\"text\" ><h6>NOS SERVICES<\/h6>\n<h4>Autres Solutions<\/h4>\n<p>Dans un secteur de plus en plus critique, nous vous proposons des solutions pour la mise en s\u00e9curit\u00e9 de vos locaux et ce par de multiples aspects : contr\u00f4le d\u2019acc\u00e8s, vid\u00e9o-surveillance, portiers et interphones\u2026<\/p>\n<p>Nous travaillons avec des marques au savoir faire approuv\u00e9 (Hikvision, Castel, Amphitech, Aiphone\u2026) dont les produits de haute qualit\u00e9 vous permettrons de s\u00e9curiser sereinement vos locaux.<\/p>\n<p>Nous proposons aussi des solutions de r\u00e9p\u00e9teurs GSM dans les zones ou les structures ne permettent pas une bonne p\u00e9n\u00e9tration des ondes \u00e0 l\u2019int\u00e9rieur.<\/p>\n<\/div><\/section>\n","protected":false},"excerpt":{"rendered":"","protected":false},"author":1,"featured_media":0,"parent":0,"menu_order":0,"comment_status":"closed","ping_status":"closed","template":"","meta":{"footnotes":""},"class_list":["post-214","page","type-page","status-publish","hentry"],"_links":{"self":[{"href":"https:\/\/euskal-telephone.com\/index.php\/wp-json\/wp\/v2\/pages\/214","targetHints":{"allow":["GET"]}}],"collection":[{"href":"https:\/\/euskal-telephone.com\/index.php\/wp-json\/wp\/v2\/pages"}],"about":[{"href":"https:\/\/euskal-telephone.com\/index.php\/wp-json\/wp\/v2\/types\/page"}],"author":[{"embeddable":true,"href":"https:\/\/euskal-telephone.com\/index.php\/wp-json\/wp\/v2\/users\/1"}],"replies":[{"embeddable":true,"href":"https:\/\/euskal-telephone.com\/index.php\/wp-json\/wp\/v2\/comments?post=214"}],"version-history":[{"count":2,"href":"https:\/\/euskal-telephone.com\/index.php\/wp-json\/wp\/v2\/pages\/214\/revisions"}],"predecessor-version":[{"id":247,"href":"https:\/\/euskal-telephone.com\/index.php\/wp-json\/wp\/v2\/pages\/214\/revisions\/247"}],"wp:attachment":[{"href":"https:\/\/euskal-telephone.com\/index.php\/wp-json\/wp\/v2\/media?parent=214"}],"curies":[{"name":"wp","href":"https:\/\/api.w.org\/{rel}","templated":true}]}}