{"id":208,"date":"2021-12-08T15:32:34","date_gmt":"2021-12-08T14:32:34","guid":{"rendered":"http:\/\/internal.euskal-telephone.com\/?page_id=208"},"modified":"2021-12-24T07:25:22","modified_gmt":"2021-12-24T06:25:22","slug":"reseaux-informatiques","status":"publish","type":"page","link":"https:\/\/euskal-telephone.com\/index.php\/reseaux-informatiques\/","title":{"rendered":"R\u00e9seaux informatiques"},"content":{"rendered":"<div id='full_slider_1'  class='avia-fullwidth-slider main_color avia-shadow   avia-builder-el-0  el_before_av_textblock  avia-builder-el-first   container_wrap sidebar_right'  ><div  class='avia-slideshow av-ruxvc-5daaac873402530eb1f0ec4501f024fb avia-slideshow-featured av_slideshow_full avia-slide-slider av-slideshow-ui av-control-default av-slideshow-autoplay av-loop-endless av-loop-manual-endless av-default-height-applied   avia-slideshow-1' data-slideshow-options=\"{&quot;animation&quot;:&quot;slide&quot;,&quot;autoplay&quot;:true,&quot;loop_autoplay&quot;:&quot;endless&quot;,&quot;interval&quot;:6,&quot;loop_manual&quot;:&quot;manual-endless&quot;,&quot;autoplay_stopper&quot;:false,&quot;noNavigation&quot;:false,&quot;bg_slider&quot;:false,&quot;keep_padding&quot;:false,&quot;hoverpause&quot;:false,&quot;show_slide_delay&quot;:0}\"  itemprop=\"image\" itemscope=\"itemscope\" itemtype=\"https:\/\/schema.org\/ImageObject\" ><ul class='avia-slideshow-inner ' style='padding-bottom: 28.666666666667%;'><li  class='avia-slideshow-slide av-ruxvc-5daaac873402530eb1f0ec4501f024fb__0  slide-1 slide-odd'><div data-rel='slideshow-1' class='avia-slide-wrap '   ><div class='av-slideshow-caption av-ruxvc-5daaac873402530eb1f0ec4501f024fb__0 caption_fullwidth caption_bottom'><div class=\"container caption_container\"><div class=\"slideshow_caption\"><div class=\"slideshow_inner_caption\"><div class=\"slideshow_align_caption\"><h2 class='avia-caption-title '  itemprop=\"name\" >SP\u00c9CIALISTE EN T\u00c9L\u00c9COMMUNICATIONS : T\u00e9l\u00e9phonie d\u2019entreprise, et r\u00e9seaux informatiques<\/h2><div class='avia-caption-content '  itemprop=\"description\" ><p>Sur le Pays Basque et les Landes.<\/p>\n<\/div><\/div><\/div><\/div><\/div><\/div><img decoding=\"async\" class=\"wp-image-25 avia-img-lazy-loading-not-25\"  src=\"https:\/\/euskal-telephone.com\/wp-content\/uploads\/2021\/12\/Slider-1-1500x430.jpeg\" width=\"1500\" height=\"430\" title='netzwerktechnik' alt=''  itemprop=\"thumbnailUrl\"   \/><\/div><\/li><li  class='avia-slideshow-slide av-ruxvc-5daaac873402530eb1f0ec4501f024fb__1  slide-2 slide-even'><div data-rel='slideshow-1' class='avia-slide-wrap '   ><div class='av-slideshow-caption av-ruxvc-5daaac873402530eb1f0ec4501f024fb__1 caption_fullwidth caption_bottom'><div class=\"container caption_container\"><div class=\"slideshow_caption\"><div class=\"slideshow_inner_caption\"><div class=\"slideshow_align_caption\"><h2 class='avia-caption-title '  itemprop=\"name\" >C\u00c2BLAGE R\u00c9SEAU ET BAIES INFORMATIQUES : fibre optique, ethernet, WIFI<\/h2><div class='avia-caption-content '  itemprop=\"description\" ><p>Euskal T\u00e9l\u00e9phone vous propose des prestations d&rsquo;installation r\u00e9seau soign\u00e9es et du mat\u00e9riel de qualit\u00e9 adapt\u00e9 \u00e0 vos besoins r\u00e9seau et t\u00e9l\u00e9phonie &#8230;<\/p>\n<\/div><\/div><\/div><\/div><\/div><\/div><img decoding=\"async\" class=\"wp-image-23 avia-img-lazy-loading-not-23\"  src=\"https:\/\/euskal-telephone.com\/wp-content\/uploads\/2021\/12\/Slider-2-1500x430.jpeg\" width=\"1500\" height=\"430\" title='UTP Cat5e Cable with patch panel' alt=''  itemprop=\"thumbnailUrl\"   \/><\/div><\/li><li  class='avia-slideshow-slide av-ruxvc-5daaac873402530eb1f0ec4501f024fb__2  slide-3 slide-odd'><div data-rel='slideshow-1' class='avia-slide-wrap '   ><div class='av-slideshow-caption av-ruxvc-5daaac873402530eb1f0ec4501f024fb__2 caption_fullwidth caption_bottom'><div class=\"container caption_container\"><div class=\"slideshow_caption\"><div class=\"slideshow_inner_caption\"><div class=\"slideshow_align_caption\"><h2 class='avia-caption-title '  itemprop=\"name\" >S\u00c9CURISER VOS LOCAUX : contr\u00f4le d\u2019acc\u00e8s, vid\u00e9o-surveillance, portiers et interphones\u2026<\/h2><div class='avia-caption-content '  itemprop=\"description\" ><p>Nous sommes partenaire certifi\u00e9 Hikvision, Castel, Amphitech, Aiphone&#8230;<\/p>\n<\/div><\/div><\/div><\/div><\/div><\/div><img decoding=\"async\" class=\"wp-image-24 avia-img-lazy-loading-not-24\"  src=\"https:\/\/euskal-telephone.com\/wp-content\/uploads\/2021\/12\/Slider-3-1500x430.jpg\" width=\"1500\" height=\"430\" title='Slider 3' alt=''  itemprop=\"thumbnailUrl\"   \/><\/div><\/li><\/ul><div class='avia-slideshow-arrows avia-slideshow-controls' ><a href='#prev' class='prev-slide ' aria-hidden='true' data-av_icon='\ue87c' data-av_iconfont='entypo-fontello'  tabindex='-1'>Pr\u00e9c\u00e9dent<\/a><a href='#next' class='next-slide ' aria-hidden='true' data-av_icon='\ue87d' data-av_iconfont='entypo-fontello'  tabindex='-1'>Suivant<\/a><\/div><div class='avia-slideshow-dots avia-slideshow-controls'><a href='#1' class='goto-slide active' >1<\/a><a href='#2' class='goto-slide ' >2<\/a><a href='#3' class='goto-slide ' >3<\/a><\/div><\/div><\/div><div id='after_full_slider_1'  class='main_color av_default_container_wrap container_wrap sidebar_right'  ><div class='container av-section-cont-open' ><div class='template-page content  av-content-small alpha units'><div class='post-entry post-entry-type-page post-entry-208'><div class='entry-content-wrapper clearfix'>\n<section  class='av_textblock_section av-kwxmsmor-062eeea63c55d1136120ae57a34891ca'  itemscope=\"itemscope\" itemtype=\"https:\/\/schema.org\/CreativeWork\" ><div class='avia_textblock'  itemprop=\"text\" ><h6>NOS SERVICES<\/h6>\n<h4>R\u00e9seaux informatiques<\/h4>\n<p style=\"vertical-align: baseline; margin: 10.2pt 0cm 10.2pt 0cm;\"><span style=\"font-family: 'Helvetica',sans-serif; color: #666666;\">La mise en r\u00e9seau des \u00e9quipements et sa s\u00e9curisation constituent des enjeux majeurs dans le bon fonctionnement de toute structure. Nous vous proposons tout un panel de solutions adapt\u00e9es pour r\u00e9pondre \u00e0 vos besoins.<\/span><\/p>\n<p style=\"vertical-align: baseline; margin: 10.2pt 0cm 10.2pt 0cm;\"><span style=\"font-family: 'Helvetica',sans-serif; color: #666666;\">Sur la partie r\u00e9seau filaire : Solution, Aruba, Cisco, ubiquiti, Zyxel\u2026<\/span><\/p>\n<p style=\"vertical-align: baseline; margin: 10.2pt 0cm 10.2pt 0cm;\"><span style=\"font-family: 'Helvetica',sans-serif; color: #666666;\">Sur la partie wifi : Cisco, Ubiquiti, Zyxel\u2026<\/span><\/p>\n<p style=\"vertical-align: baseline; margin: 10.2pt 0cm 10.2pt 0cm;\"><span style=\"font-family: 'Helvetica',sans-serif; color: #666666;\">Sur la partie s\u00e9curisation : Dell sonicwall, mikrotik<\/span><\/p>\n<p style=\"vertical-align: baseline; margin: 10.2pt 0cm 10.2pt 0cm;\"><span style=\"font-family: 'Helvetica',sans-serif; color: #666666;\">Sur la partie wifi-h\u00f4telier : Ucopia, Telmat<\/span><\/p>\n<\/div><\/section>\n","protected":false},"excerpt":{"rendered":"","protected":false},"author":1,"featured_media":0,"parent":0,"menu_order":0,"comment_status":"closed","ping_status":"closed","template":"","meta":{"footnotes":""},"class_list":["post-208","page","type-page","status-publish","hentry"],"_links":{"self":[{"href":"https:\/\/euskal-telephone.com\/index.php\/wp-json\/wp\/v2\/pages\/208","targetHints":{"allow":["GET"]}}],"collection":[{"href":"https:\/\/euskal-telephone.com\/index.php\/wp-json\/wp\/v2\/pages"}],"about":[{"href":"https:\/\/euskal-telephone.com\/index.php\/wp-json\/wp\/v2\/types\/page"}],"author":[{"embeddable":true,"href":"https:\/\/euskal-telephone.com\/index.php\/wp-json\/wp\/v2\/users\/1"}],"replies":[{"embeddable":true,"href":"https:\/\/euskal-telephone.com\/index.php\/wp-json\/wp\/v2\/comments?post=208"}],"version-history":[{"count":2,"href":"https:\/\/euskal-telephone.com\/index.php\/wp-json\/wp\/v2\/pages\/208\/revisions"}],"predecessor-version":[{"id":246,"href":"https:\/\/euskal-telephone.com\/index.php\/wp-json\/wp\/v2\/pages\/208\/revisions\/246"}],"wp:attachment":[{"href":"https:\/\/euskal-telephone.com\/index.php\/wp-json\/wp\/v2\/media?parent=208"}],"curies":[{"name":"wp","href":"https:\/\/api.w.org\/{rel}","templated":true}]}}