{"id":184,"date":"2021-12-08T14:21:37","date_gmt":"2021-12-08T13:21:37","guid":{"rendered":"http:\/\/internal.euskal-telephone.com\/?page_id=184"},"modified":"2026-03-25T14:47:28","modified_gmt":"2026-03-25T13:47:28","slug":"contact","status":"publish","type":"page","link":"https:\/\/euskal-telephone.com\/index.php\/contact\/","title":{"rendered":"Contact"},"content":{"rendered":"<div id='full_slider_1'  class='avia-fullwidth-slider main_color avia-shadow   avia-builder-el-0  el_before_av_section  avia-builder-el-first   container_wrap sidebar_right'  ><div  class='avia-slideshow av-41gfps-fd68ffa59b101ef0c1457839c3f4362d avia-slideshow-featured av_slideshow_full avia-slide-slider av-slideshow-ui av-control-default av-slideshow-autoplay av-loop-endless av-loop-manual-endless av-default-height-applied   avia-slideshow-1' data-slideshow-options=\"{&quot;animation&quot;:&quot;slide&quot;,&quot;autoplay&quot;:true,&quot;loop_autoplay&quot;:&quot;endless&quot;,&quot;interval&quot;:6,&quot;loop_manual&quot;:&quot;manual-endless&quot;,&quot;autoplay_stopper&quot;:false,&quot;noNavigation&quot;:false,&quot;bg_slider&quot;:false,&quot;keep_padding&quot;:false,&quot;hoverpause&quot;:false,&quot;show_slide_delay&quot;:0}\"  itemprop=\"image\" itemscope=\"itemscope\" itemtype=\"https:\/\/schema.org\/ImageObject\" ><ul class='avia-slideshow-inner ' style='padding-bottom: 28.666666666667%;'><li  class='avia-slideshow-slide av-41gfps-fd68ffa59b101ef0c1457839c3f4362d__0  slide-1 slide-odd'><div data-rel='slideshow-1' class='avia-slide-wrap '   ><div class='av-slideshow-caption av-41gfps-fd68ffa59b101ef0c1457839c3f4362d__0 caption_fullwidth caption_bottom'><div class=\"container caption_container\"><div class=\"slideshow_caption\"><div class=\"slideshow_inner_caption\"><div class=\"slideshow_align_caption\"><h2 class='avia-caption-title '  itemprop=\"name\" >SP\u00c9CIALISTE EN T\u00c9L\u00c9COMMUNICATIONS : T\u00e9l\u00e9phonie d\u2019entreprise, et r\u00e9seaux informatiques<\/h2><div class='avia-caption-content '  itemprop=\"description\" ><p>Sur le Pays Basque et les Landes.<\/p>\n<\/div><\/div><\/div><\/div><\/div><\/div><img decoding=\"async\" class=\"wp-image-25 avia-img-lazy-loading-not-25\"  src=\"https:\/\/euskal-telephone.com\/wp-content\/uploads\/2021\/12\/Slider-1-1500x430.jpeg\" width=\"1500\" height=\"430\" title='netzwerktechnik' alt=''  itemprop=\"thumbnailUrl\"   \/><\/div><\/li><li  class='avia-slideshow-slide av-41gfps-fd68ffa59b101ef0c1457839c3f4362d__1  slide-2 slide-even'><div data-rel='slideshow-1' class='avia-slide-wrap '   ><div class='av-slideshow-caption av-41gfps-fd68ffa59b101ef0c1457839c3f4362d__1 caption_fullwidth caption_bottom'><div class=\"container caption_container\"><div class=\"slideshow_caption\"><div class=\"slideshow_inner_caption\"><div class=\"slideshow_align_caption\"><h2 class='avia-caption-title '  itemprop=\"name\" >C\u00c2BLAGE R\u00c9SEAU ET BAIES INFORMATIQUES : fibre optique, ethernet, WIFI<\/h2><div class='avia-caption-content '  itemprop=\"description\" ><p>Euskal T\u00e9l\u00e9phone vous propose des prestations d&rsquo;installation r\u00e9seau soign\u00e9es et du mat\u00e9riel de qualit\u00e9 adapt\u00e9 \u00e0 vos besoins r\u00e9seau et t\u00e9l\u00e9phonie &#8230;<\/p>\n<\/div><\/div><\/div><\/div><\/div><\/div><img decoding=\"async\" class=\"wp-image-23 avia-img-lazy-loading-not-23\"  src=\"https:\/\/euskal-telephone.com\/wp-content\/uploads\/2021\/12\/Slider-2-1500x430.jpeg\" width=\"1500\" height=\"430\" title='UTP Cat5e Cable with patch panel' alt=''  itemprop=\"thumbnailUrl\"   \/><\/div><\/li><li  class='avia-slideshow-slide av-41gfps-fd68ffa59b101ef0c1457839c3f4362d__2  slide-3 slide-odd'><div data-rel='slideshow-1' class='avia-slide-wrap '   ><div class='av-slideshow-caption av-41gfps-fd68ffa59b101ef0c1457839c3f4362d__2 caption_fullwidth caption_bottom'><div class=\"container caption_container\"><div class=\"slideshow_caption\"><div class=\"slideshow_inner_caption\"><div class=\"slideshow_align_caption\"><h2 class='avia-caption-title '  itemprop=\"name\" >S\u00c9CURISER VOS LOCAUX : contr\u00f4le d\u2019acc\u00e8s, vid\u00e9o-surveillance, portiers et interphones\u2026<\/h2><div class='avia-caption-content '  itemprop=\"description\" ><p>Nous sommes partenaire certifi\u00e9 Hikvision, Castel, Amphitech, Aiphone&#8230;<\/p>\n<\/div><\/div><\/div><\/div><\/div><\/div><img decoding=\"async\" class=\"wp-image-24 avia-img-lazy-loading-not-24\"  src=\"https:\/\/euskal-telephone.com\/wp-content\/uploads\/2021\/12\/Slider-3-1500x430.jpg\" width=\"1500\" height=\"430\" title='Slider 3' alt=''  itemprop=\"thumbnailUrl\"   \/><\/div><\/li><\/ul><div class='avia-slideshow-arrows avia-slideshow-controls' ><a href='#prev' class='prev-slide ' aria-hidden='true' data-av_icon='\ue87c' data-av_iconfont='entypo-fontello'  tabindex='-1'>Pr\u00e9c\u00e9dent<\/a><a href='#next' class='next-slide ' aria-hidden='true' data-av_icon='\ue87d' data-av_iconfont='entypo-fontello'  tabindex='-1'>Suivant<\/a><\/div><div class='avia-slideshow-dots avia-slideshow-controls'><a href='#1' class='goto-slide active' >1<\/a><a href='#2' class='goto-slide ' >2<\/a><a href='#3' class='goto-slide ' >3<\/a><\/div><\/div><\/div>\n\n<style type=\"text\/css\" data-created_by=\"avia_inline_auto\" id=\"style-css-av-kwxkl7e2-0b862608f0ad66cdfe6d797f8600afc4\">\n.avia-section.av-kwxkl7e2-0b862608f0ad66cdfe6d797f8600afc4{\nbackground-color:#eff3f5;\nbackground-image:unset;\n}\n<\/style>\n<div id='av_section_1'  class='avia-section av-kwxkl7e2-0b862608f0ad66cdfe6d797f8600afc4 main_color avia-section-default avia-no-border-styling  avia-builder-el-1  el_after_av_slideshow_full  el_before_av_section  avia-bg-style-scroll container_wrap sidebar_right'  ><div class='container av-section-cont-open' ><div class='template-page content  av-content-small alpha units'><div class='post-entry post-entry-type-page post-entry-184'><div class='entry-content-wrapper clearfix'>\n\n<style type=\"text\/css\" data-created_by=\"avia_inline_auto\" id=\"style-css-av-kwxkktfk-99597fc6cee3b371a71c23a9997fe8be\">\n#top .hr.hr-invisible.av-kwxkktfk-99597fc6cee3b371a71c23a9997fe8be{\nheight:50px;\n}\n<\/style>\n<div  class='hr av-kwxkktfk-99597fc6cee3b371a71c23a9997fe8be hr-invisible  avia-builder-el-2  el_before_av_one_third  avia-builder-el-first '><span class='hr-inner '><span class=\"hr-inner-style\"><\/span><\/span><\/div>\n<div class='flex_column av-3eejy0-87799d02398e3ef29949e6fb9a54ddfb av_one_third  avia-builder-el-3  el_after_av_hr  el_before_av_one_third  first flex_column_div '     ><section  class='av_textblock_section av-37eu7s-4c047a72d402bdd6dc64df6f05aacaa0'  itemscope=\"itemscope\" itemtype=\"https:\/\/schema.org\/CreativeWork\" ><div class='avia_textblock'  itemprop=\"text\" ><h2>N&rsquo;attendez plus<\/h2>\n<h2>Contacter nous<\/h2>\n<p>Plus de 1000 clients nous font confiance pour leurs solutions de t\u00e9l\u00e9phonie, r\u00e9seau informatique, c\u00e2blage, interphone et vid\u00e9o-surveillance &#8230;<\/p>\n<\/div><\/section><\/div><div class='flex_column av-33yv94-b6059ead0ff975b2c790c5dee6fe9dc6 av_one_third  avia-builder-el-5  el_after_av_one_third  el_before_av_one_third  flex_column_div '     ><p><article  class='iconbox iconbox_left av-a74yo-09d1f3f519bf19d4dfcecfcab8935ca4  avia-builder-el-6  el_before_av_icon_box  avia-builder-el-first '  itemscope=\"itemscope\" itemtype=\"https:\/\/schema.org\/CreativeWork\" ><div class=\"iconbox_content\"><header class=\"entry-content-header\"><a href='https:\/\/goo.gl\/maps\/oSDcWy3N7eUsUZvr5' title='Si\u00e8ge Social' target=\"_blank\" rel=\"noopener noreferrer\" class=\"iconbox_icon heading-color\" aria-hidden='true' data-av_icon='\ue842' data-av_iconfont='entypo-fontello'><\/a><h3 class='iconbox_content_title '  itemprop=\"headline\" ><a href='https:\/\/goo.gl\/maps\/oSDcWy3N7eUsUZvr5' title='Si\u00e8ge Social' target=\"_blank\" rel=\"noopener noreferrer\">Si\u00e8ge Social<\/a><\/h3><\/header><div class='iconbox_content_container '  itemprop=\"text\" ><p>117 Rue Lanes<\/p>\n<p>64990 Lahonce<\/p>\n<\/div><\/div><footer class=\"entry-footer\"><\/footer><\/article><br \/>\n<article  class='iconbox iconbox_left av-2qp13c-3a73ba2cbf244c2c288b2a28081aae9b  avia-builder-el-7  el_after_av_icon_box  avia-builder-el-last '  itemscope=\"itemscope\" itemtype=\"https:\/\/schema.org\/CreativeWork\" ><div class=\"iconbox_content\"><header class=\"entry-content-header\"><a href='tel:0559316657' title='T\u00e9l\u00e9phone' target=\"_blank\" rel=\"noopener noreferrer\" class=\"iconbox_icon heading-color\" aria-hidden='true' data-av_icon='\ue854' data-av_iconfont='entypo-fontello'><\/a><h3 class='iconbox_content_title '  itemprop=\"headline\" ><a href='tel:0559316657' title='T\u00e9l\u00e9phone' target=\"_blank\" rel=\"noopener noreferrer\">T\u00e9l\u00e9phone<\/a><\/h3><\/header><div class='iconbox_content_container '  itemprop=\"text\" ><p>05.59.31.66.57<\/p>\n<\/div><\/div><footer class=\"entry-footer\"><\/footer><\/article><\/p><\/div><div class='flex_column av-2n244o-c25452bc76ea64dba5fc3535599abcea av_one_third  avia-builder-el-8  el_after_av_one_third  el_before_av_hr  flex_column_div '     ><p><article  class='iconbox iconbox_left av-2eimoo-b138e802fed465c50f4c6637bae734b1  avia-builder-el-9  el_before_av_icon_box  avia-builder-el-first '  itemscope=\"itemscope\" itemtype=\"https:\/\/schema.org\/CreativeWork\" ><div class=\"iconbox_content\"><header class=\"entry-content-header\"><div class=\"iconbox_icon heading-color\" aria-hidden='true' data-av_icon='\ue862' data-av_iconfont='entypo-fontello'><\/div><h3 class='iconbox_content_title '  itemprop=\"headline\" >Horaires<\/h3><\/header><div class='iconbox_content_container '  itemprop=\"text\" ><p>Du lundi au vendredi<\/p>\n<p>de 8h00 \u00e0 18h00 sur rendez vous<\/p>\n<\/div><\/div><footer class=\"entry-footer\"><\/footer><\/article><br \/>\n<article  class='iconbox iconbox_left av-2b9rw8-fcdc49f286f90a9c95ec39316e42c371  avia-builder-el-10  el_after_av_icon_box  avia-builder-el-last '  itemscope=\"itemscope\" itemtype=\"https:\/\/schema.org\/CreativeWork\" ><div class=\"iconbox_content\"><header class=\"entry-content-header\"><a href='mailto:mailto:contact@euskal-telephone.com' title='Mail'  target=\"_blank\"  rel=\"noopener noreferrer\" class=\"iconbox_icon heading-color\" aria-hidden='true' data-av_icon='\ue805' data-av_iconfont='entypo-fontello'><\/a><h3 class='iconbox_content_title '  itemprop=\"headline\" ><a href='mailto:mailto:contact@euskal-telephone.com' title='Mail'  target=\"_blank\"  rel=\"noopener noreferrer\">Mail<\/a><\/h3><\/header><div class='iconbox_content_container '  itemprop=\"text\" ><p>contact@euskal-telephone.com<\/p>\n<\/div><\/div><footer class=\"entry-footer\"><\/footer><\/article><\/p><\/div>\n<style type=\"text\/css\" data-created_by=\"avia_inline_auto\" id=\"style-css-av-kwxkkxtc-85c17e47113bad7a41a9dd49cfe5a930\">\n#top .hr.hr-invisible.av-kwxkkxtc-85c17e47113bad7a41a9dd49cfe5a930{\nheight:50px;\n}\n<\/style>\n<div  class='hr av-kwxkkxtc-85c17e47113bad7a41a9dd49cfe5a930 hr-invisible  avia-builder-el-11  el_after_av_one_third  avia-builder-el-last '><span class='hr-inner '><span class=\"hr-inner-style\"><\/span><\/span><\/div>\n<\/div><\/div><\/div><!-- close content main div --><\/div><\/div>\n<style type=\"text\/css\" data-created_by=\"avia_inline_auto\" id=\"style-css-av-243794-4bf2c3f0b48b606d881d7b9f1ddba66c\">\n.avia-section.av-243794-4bf2c3f0b48b606d881d7b9f1ddba66c{\nbackground-color:#75151e;\nbackground-image:unset;\n}\n<\/style>\n<div id='av_section_2'  class='avia-section av-243794-4bf2c3f0b48b606d881d7b9f1ddba66c main_color avia-section-default avia-no-border-styling  avia-builder-el-12  el_after_av_section  el_before_av_one_half  avia-bg-style-scroll container_wrap sidebar_right'  ><div class='container av-section-cont-open' ><div class='template-page content  av-content-small alpha units'><div class='post-entry post-entry-type-page post-entry-184'><div class='entry-content-wrapper clearfix'>\n<div class='flex_column av-1uq9mg-731d16e00afaedad8629abf198aa40c6 av_three_fourth  avia-builder-el-13  el_before_av_one_fourth  avia-builder-el-first  first flex_column_div '     ><style type=\"text\/css\" data-created_by=\"avia_inline_auto\" id=\"style-css-av-1qbhko-6a0006d462373b0a8f87b6d1bf512f34\">\n#top .av-special-heading.av-1qbhko-6a0006d462373b0a8f87b6d1bf512f34{\npadding-bottom:10px;\ncolor:#ffffff;\nfont-size:29px;\n}\nbody .av-special-heading.av-1qbhko-6a0006d462373b0a8f87b6d1bf512f34 .av-special-heading-tag .heading-char{\nfont-size:25px;\n}\n#top #wrap_all .av-special-heading.av-1qbhko-6a0006d462373b0a8f87b6d1bf512f34 .av-special-heading-tag{\nfont-size:29px;\n}\n.av-special-heading.av-1qbhko-6a0006d462373b0a8f87b6d1bf512f34 .special-heading-inner-border{\nborder-color:#ffffff;\n}\n.av-special-heading.av-1qbhko-6a0006d462373b0a8f87b6d1bf512f34 .av-subheading{\nfont-size:15px;\n}\nbody .av-special-heading.av-1qbhko-6a0006d462373b0a8f87b6d1bf512f34 .av-special-heading-tag .heading-wrap:before{\nborder-color:#ffffff;\n}\nbody .av-special-heading.av-1qbhko-6a0006d462373b0a8f87b6d1bf512f34 .av-special-heading-tag .heading-wrap:after{\nborder-color:#ffffff;\n}\n\n@media only screen and (min-width: 480px) and (max-width: 767px){ \n#top #wrap_all .av-special-heading.av-1qbhko-6a0006d462373b0a8f87b6d1bf512f34 .av-special-heading-tag{\nfont-size:0.8em;\n}\n}\n\n@media only screen and (max-width: 479px){ \n#top #wrap_all .av-special-heading.av-1qbhko-6a0006d462373b0a8f87b6d1bf512f34 .av-special-heading-tag{\nfont-size:0.8em;\n}\n}\n<\/style>\n<div  class='av-special-heading av-1qbhko-6a0006d462373b0a8f87b6d1bf512f34 av-special-heading-h3 custom-color-heading blockquote modern-quote  avia-builder-el-14  avia-builder-el-no-sibling  av-inherit-size'><h3 class='av-special-heading-tag'  itemprop=\"headline\"  > N\u2019attendez plus et faite appel \u00e0 nos services. Etude et devis gratuit.<\/h3><div class=\"special-heading-border\"><div class=\"special-heading-inner-border\"><\/div><\/div><\/div><\/div><div class='flex_column av-1ifzk0-ad8d4e07e63d5b0bd5e6ccaa45538db1 av_one_fourth  avia-builder-el-15  el_after_av_three_fourth  avia-builder-el-last  flex_column_div '     ><div  class='avia-button-wrap av-4wfzs-6c9460a1404e432dcaf1497a48de15fd-wrap avia-button-center  avia-builder-el-16  avia-builder-el-no-sibling '><a href=''  class='avia-button av-4wfzs-6c9460a1404e432dcaf1497a48de15fd avia-icon_select-no avia-size-large avia-position-center avia-color-theme-color'  ><span class='avia_iconbox_title' >Voir nos services<\/span><\/a><\/div><\/div>\n<\/div><\/div><\/div><!-- close content main div --><\/div><\/div><div id='after_section_2'  class='main_color av_default_container_wrap container_wrap sidebar_right'  ><div class='container av-section-cont-open' ><div class='template-page content  av-content-small alpha units'><div class='post-entry post-entry-type-page post-entry-184'><div class='entry-content-wrapper clearfix'><\/p>\n<div class='flex_column av-16buxs-f82674a72ad8c2b2a80effb79191ef28 av_one_half  avia-builder-el-17  el_after_av_section  el_before_av_one_half  avia-builder-el-first  first flex_column_div '     ><p>\n<style type=\"text\/css\" data-created_by=\"avia_inline_auto\" id=\"style-css-av-kwxlclnu-6d051706ff3876ef3576f8794f0c5e76\">\n#top .av-special-heading.av-kwxlclnu-6d051706ff3876ef3576f8794f0c5e76{\npadding-bottom:10px;\n}\nbody .av-special-heading.av-kwxlclnu-6d051706ff3876ef3576f8794f0c5e76 .av-special-heading-tag .heading-char{\nfont-size:25px;\n}\n.av-special-heading.av-kwxlclnu-6d051706ff3876ef3576f8794f0c5e76 .av-subheading{\nfont-size:15px;\n}\n<\/style>\n<div  class='av-special-heading av-kwxlclnu-6d051706ff3876ef3576f8794f0c5e76 av-special-heading-h3  avia-builder-el-18  el_before_av_textblock  avia-builder-el-first '><h3 class='av-special-heading-tag'  itemprop=\"headline\"  >O\u00f9 nous trouver ?<\/h3><div class=\"special-heading-border\"><div class=\"special-heading-inner-border\"><\/div><\/div><\/div><br \/>\n<section  class='av_textblock_section av-kwxld91d-2be75f36c7d322f4d415761d4eab769e'  itemscope=\"itemscope\" itemtype=\"https:\/\/schema.org\/CreativeWork\" ><div class='avia_textblock'  itemprop=\"text\" ><h4>117 Rue Lanes<\/h4>\n<p>64990 Lahonce<\/p>\n<\/div><\/section><\/p><\/div><div class='flex_column av-11g8eo-df7b59be5a44caef8a80c205ef893a01 av_one_half  avia-builder-el-20  el_after_av_one_half  el_before_av_section  avia-builder-el-last  flex_column_div '     ><\/div><\/p>\n<\/div><\/div><\/div><!-- close content main div --><\/div><\/div>\n<style type=\"text\/css\" data-created_by=\"avia_inline_auto\" id=\"style-css-av-x7r7k-1c1e78f66b1a7aa56e0c55c776c157aa\">\n.avia-section.av-x7r7k-1c1e78f66b1a7aa56e0c55c776c157aa{\nbackground-color:#75151e;\nbackground-image:unset;\n}\n<\/style>\n<div id='av_section_3'  class='avia-section av-x7r7k-1c1e78f66b1a7aa56e0c55c776c157aa main_color avia-section-default avia-no-border-styling  avia-builder-el-22  el_after_av_one_half  avia-builder-el-last  avia-bg-style-scroll container_wrap sidebar_right'  ><div class='container av-section-cont-open' ><div class='template-page content  av-content-small alpha units'><div class='post-entry post-entry-type-page post-entry-184'><div class='entry-content-wrapper clearfix'>\n<div class='flex_column av-sxzps-eabf0f623cfd9c63620f05a3a48153cf av_three_fourth  avia-builder-el-23  el_before_av_one_fourth  avia-builder-el-first  first flex_column_div '     ><style type=\"text\/css\" data-created_by=\"avia_inline_auto\" id=\"style-css-av-kl35k-44dcb917ba616ed82352ad999c04921d\">\n#top .av-special-heading.av-kl35k-44dcb917ba616ed82352ad999c04921d{\npadding-bottom:10px;\ncolor:#ffffff;\nfont-size:29px;\n}\nbody .av-special-heading.av-kl35k-44dcb917ba616ed82352ad999c04921d .av-special-heading-tag .heading-char{\nfont-size:25px;\n}\n#top #wrap_all .av-special-heading.av-kl35k-44dcb917ba616ed82352ad999c04921d .av-special-heading-tag{\nfont-size:29px;\n}\n.av-special-heading.av-kl35k-44dcb917ba616ed82352ad999c04921d .special-heading-inner-border{\nborder-color:#ffffff;\n}\n.av-special-heading.av-kl35k-44dcb917ba616ed82352ad999c04921d .av-subheading{\nfont-size:15px;\n}\nbody .av-special-heading.av-kl35k-44dcb917ba616ed82352ad999c04921d .av-special-heading-tag .heading-wrap:before{\nborder-color:#ffffff;\n}\nbody .av-special-heading.av-kl35k-44dcb917ba616ed82352ad999c04921d .av-special-heading-tag .heading-wrap:after{\nborder-color:#ffffff;\n}\n\n@media only screen and (min-width: 480px) and (max-width: 767px){ \n#top #wrap_all .av-special-heading.av-kl35k-44dcb917ba616ed82352ad999c04921d .av-special-heading-tag{\nfont-size:0.8em;\n}\n}\n\n@media only screen and (max-width: 479px){ \n#top #wrap_all .av-special-heading.av-kl35k-44dcb917ba616ed82352ad999c04921d .av-special-heading-tag{\nfont-size:0.8em;\n}\n}\n<\/style>\n<div  class='av-special-heading av-kl35k-44dcb917ba616ed82352ad999c04921d av-special-heading-h3 custom-color-heading blockquote modern-quote  avia-builder-el-24  avia-builder-el-no-sibling  av-inherit-size'><h3 class='av-special-heading-tag'  itemprop=\"headline\"  > N\u2019attendez plus et faite appel \u00e0 nos services. Etude et devis gratuit.<\/h3><div class=\"special-heading-border\"><div class=\"special-heading-inner-border\"><\/div><\/div><\/div><\/div><div class='flex_column av-gcl6o-4cb4e926d7de2815ac55b130d255e570 av_one_fourth  avia-builder-el-25  el_after_av_three_fourth  avia-builder-el-last  flex_column_div '     ><div  class='avia-button-wrap av-8clwg-170f740bff26840ebf6939291530663d-wrap avia-button-center  avia-builder-el-26  avia-builder-el-no-sibling '><a href=''  class='avia-button av-8clwg-170f740bff26840ebf6939291530663d avia-icon_select-no avia-size-large avia-position-center avia-color-theme-color'  ><span class='avia_iconbox_title' >Voir nos services<\/span><\/a><\/div><\/div>\n<\/div><\/div><\/div><!-- close content main div --><\/div><\/div><div id='after_section_3'  class='main_color av_default_container_wrap container_wrap sidebar_right'  ><div class='container av-section-cont-open' ><div class='template-page content  av-content-small alpha units'><div class='post-entry post-entry-type-page post-entry-184'><div class='entry-content-wrapper clearfix'>\n","protected":false},"excerpt":{"rendered":"","protected":false},"author":1,"featured_media":0,"parent":0,"menu_order":0,"comment_status":"closed","ping_status":"closed","template":"","meta":{"footnotes":""},"class_list":["post-184","page","type-page","status-publish","hentry"],"_links":{"self":[{"href":"https:\/\/euskal-telephone.com\/index.php\/wp-json\/wp\/v2\/pages\/184","targetHints":{"allow":["GET"]}}],"collection":[{"href":"https:\/\/euskal-telephone.com\/index.php\/wp-json\/wp\/v2\/pages"}],"about":[{"href":"https:\/\/euskal-telephone.com\/index.php\/wp-json\/wp\/v2\/types\/page"}],"author":[{"embeddable":true,"href":"https:\/\/euskal-telephone.com\/index.php\/wp-json\/wp\/v2\/users\/1"}],"replies":[{"embeddable":true,"href":"https:\/\/euskal-telephone.com\/index.php\/wp-json\/wp\/v2\/comments?post=184"}],"version-history":[{"count":11,"href":"https:\/\/euskal-telephone.com\/index.php\/wp-json\/wp\/v2\/pages\/184\/revisions"}],"predecessor-version":[{"id":418,"href":"https:\/\/euskal-telephone.com\/index.php\/wp-json\/wp\/v2\/pages\/184\/revisions\/418"}],"wp:attachment":[{"href":"https:\/\/euskal-telephone.com\/index.php\/wp-json\/wp\/v2\/media?parent=184"}],"curies":[{"name":"wp","href":"https:\/\/api.w.org\/{rel}","templated":true}]}}